{"id":102,"date":"2023-10-23T20:36:13","date_gmt":"2023-10-23T20:36:13","guid":{"rendered":"https:\/\/www.iconoad.com\/xpand\/?page_id=102"},"modified":"2024-10-28T17:41:00","modified_gmt":"2024-10-28T17:41:00","slug":"nosotros","status":"publish","type":"page","link":"https:\/\/www.xpandmembersclub.com\/es\/nosotros\/","title":{"rendered":"Nuestro Club"},"content":{"rendered":"\t\t<div data-elementor-type=\"wp-page\" data-elementor-id=\"102\" class=\"elementor elementor-102\" data-elementor-post-type=\"page\">\n\t\t\t\t\t\t<section class=\"elementor-section elementor-top-section elementor-element elementor-element-429180c5 elementor-section-boxed elementor-section-height-default elementor-section-height-default tp-parallax-no\" data-id=\"429180c5\" data-element_type=\"section\" data-settings=\"{&quot;tp_sticky_sec_effect_enable&quot;:false}\">\n\t\t\t\t\t\t<div class=\"elementor-container elementor-column-gap-default\">\n\t\t\t\t\t<div data-aos=\"\" class=\"elementor-column elementor-col-33 elementor-top-column elementor-element elementor-element-74ac5e60\" data-id=\"74ac5e60\" data-element_type=\"column\" data-settings=\"{&quot;tp_sticky_col_effect_enable&quot;:false}\">\n\t\t\t<div class=\"elementor-widget-wrap elementor-element-populated\">\n\t\t\t\t\t\t<div class=\"elementor-element elementor-element-3ea5efd9 elementor-widget elementor-widget-heading\" data-id=\"3ea5efd9\" data-element_type=\"widget\" data-widget_type=\"heading.default\">\n\t\t\t\t<div class=\"elementor-widget-container\">\n\t\t\t<span class=\"elementor-heading-title elementor-size-default\">Con\u00f3cenos<\/span>\t\t<\/div>\n\t\t\t\t<\/div>\n\t\t\t\t<div class=\"elementor-element elementor-element-1111a8a9 elementor-widget elementor-widget-heading\" data-id=\"1111a8a9\" data-element_type=\"widget\" data-widget_type=\"heading.default\">\n\t\t\t\t<div class=\"elementor-widget-container\">\n\t\t\t<h2 class=\"elementor-heading-title elementor-size-default\">Sobre Xpand\ny nuestra visi\u00f3n a futuro<\/h2>\t\t<\/div>\n\t\t\t\t<\/div>\n\t\t\t\t<div class=\"elementor-element elementor-element-66480d89 elementor-widget elementor-widget-text-editor\" data-id=\"66480d89\" data-element_type=\"widget\" data-widget_type=\"text-editor.default\">\n\t\t\t\t<div class=\"elementor-widget-container\">\n\t\t\t\t\t\t\t<p>Tras una apasionante trayectoria de 35 a\u00f1os. Best Hotels que fue fundada en Salou, una de las ciudades m\u00e1s tur\u00edsticas de Espa\u00f1a, en 1987, y ya alcanzando los 38 hoteles a nivel internacional, Best Hotel toma la decisi\u00f3n de crear su club privado Xpand, para cubrir la alta demanda de clientes fieles a la marca por tener un servicio a\u00fan m\u00e1s privado y personalizado.<\/p><p>\u00a0<\/p><p>Es cuando en 2019 se inaugura nuestro hotel Serenade en Punta Cana y se da la creaci\u00f3n de nuestro Xpand Members Club, el cual te brinda el privilegio de tener \u00e1reas preferenciales para socios, servicio personalizado, VIP, incre\u00edbles tarifas, y la posibilidad de viajar a trav\u00e9s de todo el mundo, disfrutando de descuentos realmente impactantes.<\/p><p>\u00a0<\/p><p>Xpand Members Club fue creado para consentirte a ti y a los tuyos, porque sabemos que las vacaciones es ese peque\u00f1o momento del a\u00f1o destinado a premiarte y disfrutar con los que m\u00e1s amas. Nuestro trabajo es hacer de este momento un momento incre\u00edble e inolvidable.<\/p>\t\t\t\t\t\t<\/div>\n\t\t\t\t<\/div>\n\t\t\t\t<div class=\"elementor-element elementor-element-82dabaf elementor-widget elementor-widget-text-editor\" data-id=\"82dabaf\" data-element_type=\"widget\" data-widget_type=\"text-editor.default\">\n\t\t\t\t<div class=\"elementor-widget-container\">\n\t\t\t\t\t\t\t<p><strong>Perm\u00edtenos consentirte y seguir haciendo de tus vacaciones, momentos para toda la vida!<\/strong><\/p>\t\t\t\t\t\t<\/div>\n\t\t\t\t<\/div>\n\t\t\t\t<section class=\"elementor-section elementor-inner-section elementor-element elementor-element-605386ce elementor-section-boxed elementor-section-height-default elementor-section-height-default tp-parallax-no\" data-id=\"605386ce\" data-element_type=\"section\" data-settings=\"{&quot;tp_sticky_sec_effect_enable&quot;:false}\">\n\t\t\t\t\t\t<div class=\"elementor-container elementor-column-gap-no\">\n\t\t\t\t\t<div data-aos=\"\" class=\"elementor-column elementor-col-50 elementor-inner-column elementor-element elementor-element-732686fc\" data-id=\"732686fc\" data-element_type=\"column\" data-settings=\"{&quot;tp_sticky_col_effect_enable&quot;:false}\">\n\t\t\t<div class=\"elementor-widget-wrap elementor-element-populated\">\n\t\t\t\t\t\t<div class=\"elementor-element elementor-element-69db1176 elementor-icon-list--layout-traditional elementor-list-item-link-full_width elementor-widget elementor-widget-icon-list\" data-id=\"69db1176\" data-element_type=\"widget\" data-widget_type=\"icon-list.default\">\n\t\t\t\t<div class=\"elementor-widget-container\">\n\t\t\t\t\t<ul class=\"elementor-icon-list-items\">\n\t\t\t\t\t\t\t<li class=\"elementor-icon-list-item\">\n\t\t\t\t\t\t\t\t\t\t\t<span class=\"elementor-icon-list-icon\">\n\t\t\t\t\t\t\t<i aria-hidden=\"true\" class=\"fas fa-umbrella-beach\"><\/i>\t\t\t\t\t\t<\/span>\n\t\t\t\t\t\t\t\t\t\t<span class=\"elementor-icon-list-text\">Disfruta m\u00faltiples destinos<\/span>\n\t\t\t\t\t\t\t\t\t<\/li>\n\t\t\t\t\t\t<\/ul>\n\t\t\t\t<\/div>\n\t\t\t\t<\/div>\n\t\t\t\t\t<\/div>\n\t\t<\/div>\n\t\t\t\t<div data-aos=\"\" class=\"elementor-column elementor-col-50 elementor-inner-column elementor-element elementor-element-1f3c8478\" data-id=\"1f3c8478\" data-element_type=\"column\" data-settings=\"{&quot;tp_sticky_col_effect_enable&quot;:false}\">\n\t\t\t<div class=\"elementor-widget-wrap elementor-element-populated\">\n\t\t\t\t\t\t<div class=\"elementor-element elementor-element-3a28adb2 elementor-icon-list--layout-traditional elementor-list-item-link-full_width elementor-widget elementor-widget-icon-list\" data-id=\"3a28adb2\" data-element_type=\"widget\" data-widget_type=\"icon-list.default\">\n\t\t\t\t<div class=\"elementor-widget-container\">\n\t\t\t\t\t<ul class=\"elementor-icon-list-items\">\n\t\t\t\t\t\t\t<li class=\"elementor-icon-list-item\">\n\t\t\t\t\t\t\t\t\t\t\t<span class=\"elementor-icon-list-icon\">\n\t\t\t\t\t\t\t<i aria-hidden=\"true\" class=\"fas fa-hotel\"><\/i>\t\t\t\t\t\t<\/span>\n\t\t\t\t\t\t\t\t\t\t<span class=\"elementor-icon-list-text\">Ofrecemos los mejores hoteles.<\/span>\n\t\t\t\t\t\t\t\t\t<\/li>\n\t\t\t\t\t\t<\/ul>\n\t\t\t\t<\/div>\n\t\t\t\t<\/div>\n\t\t\t\t\t<\/div>\n\t\t<\/div>\n\t\t\t\t\t<\/div>\n\t\t<\/section>\n\t\t\t\t\t<\/div>\n\t\t<\/div>\n\t\t\t\t<div data-aos=\"\" class=\"elementor-column elementor-col-33 elementor-top-column elementor-element elementor-element-6edf69b2\" data-id=\"6edf69b2\" data-element_type=\"column\" data-settings=\"{&quot;tp_sticky_col_effect_enable&quot;:false}\">\n\t\t\t<div class=\"elementor-widget-wrap\">\n\t\t\t\t\t\t\t<\/div>\n\t\t<\/div>\n\t\t\t\t<div data-aos=\"\" class=\"elementor-column elementor-col-33 elementor-top-column elementor-element elementor-element-3c116f10\" data-id=\"3c116f10\" data-element_type=\"column\" data-settings=\"{&quot;tp_sticky_col_effect_enable&quot;:false}\">\n\t\t\t<div class=\"elementor-widget-wrap elementor-element-populated\">\n\t\t\t\t\t\t<div class=\"elementor-element elementor-element-50d5c572 elementor-widget elementor-widget-image\" data-id=\"50d5c572\" data-element_type=\"widget\" data-widget_type=\"image.default\">\n\t\t\t\t<div class=\"elementor-widget-container\">\n\t\t\t\t\t\t\t\t\t\t\t\t\t<img fetchpriority=\"high\" decoding=\"async\" width=\"600\" height=\"450\" src=\"https:\/\/www.xpandmembersclub.com\/wp-content\/uploads\/2023\/08\/view2.jpg\" class=\"attachment-large size-large wp-image-39\" alt=\"\" srcset=\"https:\/\/www.xpandmembersclub.com\/wp-content\/uploads\/2023\/08\/view2.jpg 600w, https:\/\/www.xpandmembersclub.com\/wp-content\/uploads\/2023\/08\/view2-300x225.jpg 300w\" sizes=\"(max-width: 600px) 100vw, 600px\" \/>\t\t\t\t\t\t\t\t\t\t\t\t\t<\/div>\n\t\t\t\t<\/div>\n\t\t\t\t\t<\/div>\n\t\t<\/div>\n\t\t\t\t\t<\/div>\n\t\t<\/section>\n\t\t\t\t<\/div>\n\t\t","protected":false},"excerpt":{"rendered":"<p>Conoce sobre Xpand y nuestra visi\u00f3n a futuro tras una apasionante trayectoria<\/p>\n","protected":false},"author":1,"featured_media":329,"parent":0,"menu_order":0,"comment_status":"closed","ping_status":"closed","template":"page-fullpage.php","meta":{"footnotes":""},"categories":[],"tags":[3],"class_list":["post-102","page","type-page","status-publish","has-post-thumbnail","hentry","tag-nosotros"],"_links":{"self":[{"href":"https:\/\/www.xpandmembersclub.com\/es\/wp-json\/wp\/v2\/pages\/102","targetHints":{"allow":["GET"]}}],"collection":[{"href":"https:\/\/www.xpandmembersclub.com\/es\/wp-json\/wp\/v2\/pages"}],"about":[{"href":"https:\/\/www.xpandmembersclub.com\/es\/wp-json\/wp\/v2\/types\/page"}],"author":[{"embeddable":true,"href":"https:\/\/www.xpandmembersclub.com\/es\/wp-json\/wp\/v2\/users\/1"}],"replies":[{"embeddable":true,"href":"https:\/\/www.xpandmembersclub.com\/es\/wp-json\/wp\/v2\/comments?post=102"}],"version-history":[{"count":38,"href":"https:\/\/www.xpandmembersclub.com\/es\/wp-json\/wp\/v2\/pages\/102\/revisions"}],"predecessor-version":[{"id":917,"href":"https:\/\/www.xpandmembersclub.com\/es\/wp-json\/wp\/v2\/pages\/102\/revisions\/917"}],"wp:featuredmedia":[{"embeddable":true,"href":"https:\/\/www.xpandmembersclub.com\/es\/wp-json\/wp\/v2\/media\/329"}],"wp:attachment":[{"href":"https:\/\/www.xpandmembersclub.com\/es\/wp-json\/wp\/v2\/media?parent=102"}],"wp:term":[{"taxonomy":"category","embeddable":true,"href":"https:\/\/www.xpandmembersclub.com\/es\/wp-json\/wp\/v2\/categories?post=102"},{"taxonomy":"post_tag","embeddable":true,"href":"https:\/\/www.xpandmembersclub.com\/es\/wp-json\/wp\/v2\/tags?post=102"}],"curies":[{"name":"wp","href":"https:\/\/api.w.org\/{rel}","templated":true}]}}